{"id":330,"date":"2021-11-01T23:05:37","date_gmt":"2021-11-01T23:05:37","guid":{"rendered":"http:\/\/yanelabarcelo.com.ar\/?page_id=330"},"modified":"2024-07-08T02:02:41","modified_gmt":"2024-07-08T02:02:41","slug":"rio-arriba-en-busca-del-pantanal-de-mato-grosso-del-sur","status":"publish","type":"page","link":"https:\/\/yanelabarcelo.com.ar\/index.php\/rio-arriba-en-busca-del-pantanal-de-mato-grosso-del-sur\/","title":{"rendered":"R\u00edo arriba: En busca del Pantanal de Mato Grosso del Sur"},"content":{"rendered":"\t\t<div data-elementor-type=\"wp-page\" data-elementor-id=\"330\" class=\"elementor elementor-330\">\n\t\t\t\t\t\t<section class=\"elementor-section elementor-top-section elementor-element elementor-element-5ede103 elementor-section-boxed elementor-section-height-default elementor-section-height-default\" data-id=\"5ede103\" data-element_type=\"section\">\n\t\t\t\t\t\t<div class=\"elementor-container elementor-column-gap-default\">\n\t\t\t\t\t<div class=\"elementor-column elementor-col-50 elementor-top-column elementor-element elementor-element-e00018c\" data-id=\"e00018c\" data-element_type=\"column\">\n\t\t\t<div class=\"elementor-widget-wrap elementor-element-populated\">\n\t\t\t\t\t\t<div class=\"elementor-element elementor-element-9dcbeab elementor-widget elementor-widget-heading\" data-id=\"9dcbeab\" data-element_type=\"widget\" data-widget_type=\"heading.default\">\n\t\t\t\t<div class=\"elementor-widget-container\">\n\t\t\t\t\t<h2 class=\"elementor-heading-title elementor-size-default\">RESUMEN<\/h2>\t\t\t\t<\/div>\n\t\t\t\t<\/div>\n\t\t\t\t<div class=\"elementor-element elementor-element-05fedaf elementor-widget elementor-widget-text-editor\" data-id=\"05fedaf\" data-element_type=\"widget\" data-widget_type=\"text-editor.default\">\n\t\t\t\t<div class=\"elementor-widget-container\">\n\t\t\t\t\t\t\t\t\t<p>\u00abRIO ARRIBA\u2026 en busca del Pantanal de Mato Grosso del Sur\u00bb es una historia real llevada al texto donde nos muestra el af\u00e1n combinado con la aventura de llegar a un destino predeterminado, saltando vallas de supervivencia y convivencia entre la tripulaci\u00f3n.<br \/>Nos relata un grupo de 7 amigos dispuestos a lograr un objetivo en com\u00fan.<br \/>Se produce en los a\u00f1os 1974 lo que al d\u00eda de hoy cada participe de esta traves\u00eda, algunos no est\u00e1n f\u00edsicamente y los que est\u00e1n viven sin tener ninguna relaci\u00f3n posterior.<br \/>Quiz\u00e1s nos ense\u00f1a que los tiempos son cambiantes y que la vida nos separa sin tener muchas posibilidades de reencontrarnos con an\u00e9cdotas de la juventud.<br \/>Una narraci\u00f3n combinando matices informativos con an\u00e9cdotas vividas.<\/p>\t\t\t\t\t\t\t\t<\/div>\n\t\t\t\t<\/div>\n\t\t\t\t\t<\/div>\n\t\t<\/div>\n\t\t\t\t<div class=\"elementor-column elementor-col-50 elementor-top-column elementor-element elementor-element-a6690fd\" data-id=\"a6690fd\" data-element_type=\"column\">\n\t\t\t<div class=\"elementor-widget-wrap elementor-element-populated\">\n\t\t\t\t\t\t<div class=\"elementor-element elementor-element-22f1a9b elementor-widget elementor-widget-image\" data-id=\"22f1a9b\" data-element_type=\"widget\" data-widget_type=\"image.default\">\n\t\t\t\t<div class=\"elementor-widget-container\">\n\t\t\t\t\t\t\t\t\t\t\t\t\t\t\t<img fetchpriority=\"high\" decoding=\"async\" width=\"231\" height=\"346\" src=\"https:\/\/yanelabarcelo.com.ar\/wp-content\/uploads\/2021\/11\/41bXwybR6qL._SY346_.jpg\" class=\"attachment-large size-large wp-image-332\" alt=\"\" srcset=\"https:\/\/yanelabarcelo.com.ar\/wp-content\/uploads\/2021\/11\/41bXwybR6qL._SY346_.jpg 231w, https:\/\/yanelabarcelo.com.ar\/wp-content\/uploads\/2021\/11\/41bXwybR6qL._SY346_-200x300.jpg 200w\" sizes=\"(max-width: 231px) 100vw, 231px\" \/>\t\t\t\t\t\t\t\t\t\t\t\t\t\t\t<\/div>\n\t\t\t\t<\/div>\n\t\t\t\t\t<\/div>\n\t\t<\/div>\n\t\t\t\t\t<\/div>\n\t\t<\/section>\n\t\t\t\t<section class=\"elementor-section elementor-top-section elementor-element elementor-element-cb59bc8 elementor-section-boxed elementor-section-height-default elementor-section-height-default\" data-id=\"cb59bc8\" data-element_type=\"section\">\n\t\t\t\t\t\t<div class=\"elementor-container elementor-column-gap-default\">\n\t\t\t\t\t<div class=\"elementor-column elementor-col-50 elementor-top-column elementor-element elementor-element-f41faba\" data-id=\"f41faba\" data-element_type=\"column\">\n\t\t\t<div class=\"elementor-widget-wrap elementor-element-populated\">\n\t\t\t\t\t\t<div class=\"elementor-element elementor-element-e5e5df8 elementor-widget elementor-widget-image\" data-id=\"e5e5df8\" data-element_type=\"widget\" data-widget_type=\"image.default\">\n\t\t\t\t<div class=\"elementor-widget-container\">\n\t\t\t\t\t\t\t\t\t\t\t\t\t\t\t<img decoding=\"async\" src=\"https:\/\/yanelabarcelo.com.ar\/wp-content\/uploads\/2024\/07\/portadas-rio-arriba.png\" title=\"portadas rio arriba\" alt=\"portadas rio arriba\" loading=\"lazy\" \/>\t\t\t\t\t\t\t\t\t\t\t\t\t\t\t<\/div>\n\t\t\t\t<\/div>\n\t\t\t\t\t<\/div>\n\t\t<\/div>\n\t\t\t\t<div class=\"elementor-column elementor-col-50 elementor-top-column elementor-element elementor-element-a3b9265\" data-id=\"a3b9265\" data-element_type=\"column\">\n\t\t\t<div class=\"elementor-widget-wrap elementor-element-populated\">\n\t\t\t\t\t\t<div class=\"elementor-element elementor-element-c956694 elementor-widget elementor-widget-heading\" data-id=\"c956694\" data-element_type=\"widget\" data-widget_type=\"heading.default\">\n\t\t\t\t<div class=\"elementor-widget-container\">\n\t\t\t\t\t<h2 class=\"elementor-heading-title elementor-size-default\">\u00bfDONDE COMPRARLO?<\/h2>\t\t\t\t<\/div>\n\t\t\t\t<\/div>\n\t\t\t\t<section class=\"elementor-section elementor-inner-section elementor-element elementor-element-1a5e34a elementor-section-boxed elementor-section-height-default elementor-section-height-default\" data-id=\"1a5e34a\" data-element_type=\"section\">\n\t\t\t\t\t\t<div class=\"elementor-container elementor-column-gap-default\">\n\t\t\t\t\t<div class=\"elementor-column elementor-col-50 elementor-inner-column elementor-element elementor-element-e9806d8\" data-id=\"e9806d8\" data-element_type=\"column\">\n\t\t\t<div class=\"elementor-widget-wrap elementor-element-populated\">\n\t\t\t\t\t\t<div class=\"elementor-element elementor-element-6826f13 elementor-widget elementor-widget-image\" data-id=\"6826f13\" data-element_type=\"widget\" data-widget_type=\"image.default\">\n\t\t\t\t<div class=\"elementor-widget-container\">\n\t\t\t\t\t\t\t\t\t\t\t\t\t\t\t<img decoding=\"async\" width=\"300\" height=\"90\" src=\"https:\/\/yanelabarcelo.com.ar\/wp-content\/uploads\/2021\/05\/2560px-Amazon_logo.svg_-300x90.png\" class=\"attachment-medium size-medium wp-image-172\" alt=\"\" srcset=\"https:\/\/yanelabarcelo.com.ar\/wp-content\/uploads\/2021\/05\/2560px-Amazon_logo.svg_-300x90.png 300w, https:\/\/yanelabarcelo.com.ar\/wp-content\/uploads\/2021\/05\/2560px-Amazon_logo.svg_-600x181.png 600w, https:\/\/yanelabarcelo.com.ar\/wp-content\/uploads\/2021\/05\/2560px-Amazon_logo.svg_-1024x308.png 1024w, https:\/\/yanelabarcelo.com.ar\/wp-content\/uploads\/2021\/05\/2560px-Amazon_logo.svg_-768x231.png 768w, https:\/\/yanelabarcelo.com.ar\/wp-content\/uploads\/2021\/05\/2560px-Amazon_logo.svg_-1536x463.png 1536w, https:\/\/yanelabarcelo.com.ar\/wp-content\/uploads\/2021\/05\/2560px-Amazon_logo.svg_-2048x617.png 2048w\" sizes=\"(max-width: 300px) 100vw, 300px\" \/>\t\t\t\t\t\t\t\t\t\t\t\t\t\t\t<\/div>\n\t\t\t\t<\/div>\n\t\t\t\t\t<\/div>\n\t\t<\/div>\n\t\t\t\t<div class=\"elementor-column elementor-col-50 elementor-inner-column elementor-element elementor-element-3126556\" data-id=\"3126556\" data-element_type=\"column\">\n\t\t\t<div class=\"elementor-widget-wrap elementor-element-populated\">\n\t\t\t\t\t\t<div class=\"elementor-element elementor-element-528bec1 elementor-align-center elementor-widget elementor-widget-button\" data-id=\"528bec1\" data-element_type=\"widget\" data-widget_type=\"button.default\">\n\t\t\t\t<div class=\"elementor-widget-container\">\n\t\t\t\t\t\t\t\t\t<div class=\"elementor-button-wrapper\">\n\t\t\t\t\t<a class=\"elementor-button elementor-button-link elementor-size-md\" href=\"https:\/\/www.amazon.com\/gp\/product\/B09JQ5169W\">\n\t\t\t\t\t\t<span class=\"elementor-button-content-wrapper\">\n\t\t\t\t\t\t\t\t\t<span class=\"elementor-button-text\">Comprar<\/span>\n\t\t\t\t\t<\/span>\n\t\t\t\t\t<\/a>\n\t\t\t\t<\/div>\n\t\t\t\t\t\t\t\t<\/div>\n\t\t\t\t<\/div>\n\t\t\t\t\t<\/div>\n\t\t<\/div>\n\t\t\t\t\t<\/div>\n\t\t<\/section>\n\t\t\t\t<section class=\"elementor-section elementor-inner-section elementor-element elementor-element-9fe335f elementor-section-boxed elementor-section-height-default elementor-section-height-default\" data-id=\"9fe335f\" data-element_type=\"section\">\n\t\t\t\t\t\t<div class=\"elementor-container elementor-column-gap-default\">\n\t\t\t\t\t<div class=\"elementor-column elementor-col-50 elementor-inner-column elementor-element elementor-element-69ecdf4\" data-id=\"69ecdf4\" data-element_type=\"column\">\n\t\t\t<div class=\"elementor-widget-wrap elementor-element-populated\">\n\t\t\t\t\t\t<div class=\"elementor-element elementor-element-eca37c3 elementor-widget elementor-widget-image\" data-id=\"eca37c3\" data-element_type=\"widget\" data-widget_type=\"image.default\">\n\t\t\t\t<div class=\"elementor-widget-container\">\n\t\t\t\t\t\t\t\t\t\t\t\t\t\t\t<img decoding=\"async\" width=\"300\" height=\"94\" src=\"https:\/\/yanelabarcelo.com.ar\/wp-content\/uploads\/2021\/05\/APPLE-BOOKS-e1720398590759-300x94.png\" class=\"attachment-medium size-medium wp-image-165\" alt=\"\" srcset=\"https:\/\/yanelabarcelo.com.ar\/wp-content\/uploads\/2021\/05\/APPLE-BOOKS-e1720398590759-300x94.png 300w, https:\/\/yanelabarcelo.com.ar\/wp-content\/uploads\/2021\/05\/APPLE-BOOKS-e1720398590759.png 550w\" sizes=\"(max-width: 300px) 100vw, 300px\" \/>\t\t\t\t\t\t\t\t\t\t\t\t\t\t\t<\/div>\n\t\t\t\t<\/div>\n\t\t\t\t\t<\/div>\n\t\t<\/div>\n\t\t\t\t<div class=\"elementor-column elementor-col-50 elementor-inner-column elementor-element elementor-element-7155bbe\" data-id=\"7155bbe\" data-element_type=\"column\">\n\t\t\t<div class=\"elementor-widget-wrap elementor-element-populated\">\n\t\t\t\t\t\t<div class=\"elementor-element elementor-element-3939074 elementor-align-center elementor-widget elementor-widget-button\" data-id=\"3939074\" data-element_type=\"widget\" data-widget_type=\"button.default\">\n\t\t\t\t<div class=\"elementor-widget-container\">\n\t\t\t\t\t\t\t\t\t<div class=\"elementor-button-wrapper\">\n\t\t\t\t\t<a class=\"elementor-button elementor-button-link elementor-size-md\" href=\"https:\/\/books.apple.com\/us\/book\/r%C3%ADo-arriba\/id1590885951\">\n\t\t\t\t\t\t<span class=\"elementor-button-content-wrapper\">\n\t\t\t\t\t\t\t\t\t<span class=\"elementor-button-text\">Comprar<\/span>\n\t\t\t\t\t<\/span>\n\t\t\t\t\t<\/a>\n\t\t\t\t<\/div>\n\t\t\t\t\t\t\t\t<\/div>\n\t\t\t\t<\/div>\n\t\t\t\t\t<\/div>\n\t\t<\/div>\n\t\t\t\t\t<\/div>\n\t\t<\/section>\n\t\t\t\t<section class=\"elementor-section elementor-inner-section elementor-element elementor-element-78ba0a6 elementor-section-boxed elementor-section-height-default elementor-section-height-default\" data-id=\"78ba0a6\" data-element_type=\"section\">\n\t\t\t\t\t\t<div class=\"elementor-container elementor-column-gap-default\">\n\t\t\t\t\t<div class=\"elementor-column elementor-col-50 elementor-inner-column elementor-element elementor-element-a8e74dd\" data-id=\"a8e74dd\" data-element_type=\"column\">\n\t\t\t<div class=\"elementor-widget-wrap elementor-element-populated\">\n\t\t\t\t\t\t<div class=\"elementor-element elementor-element-414ad92 elementor-widget elementor-widget-image\" data-id=\"414ad92\" data-element_type=\"widget\" data-widget_type=\"image.default\">\n\t\t\t\t<div class=\"elementor-widget-container\">\n\t\t\t\t\t\t\t\t\t\t\t\t\t\t\t<img loading=\"lazy\" decoding=\"async\" width=\"300\" height=\"64\" src=\"https:\/\/yanelabarcelo.com.ar\/wp-content\/uploads\/2021\/08\/play_prism_hlock_2x-300x64.png\" class=\"attachment-medium size-medium wp-image-301\" alt=\"\" srcset=\"https:\/\/yanelabarcelo.com.ar\/wp-content\/uploads\/2021\/08\/play_prism_hlock_2x-300x64.png 300w, https:\/\/yanelabarcelo.com.ar\/wp-content\/uploads\/2021\/08\/play_prism_hlock_2x.png 366w\" sizes=\"(max-width: 300px) 100vw, 300px\" \/>\t\t\t\t\t\t\t\t\t\t\t\t\t\t\t<\/div>\n\t\t\t\t<\/div>\n\t\t\t\t\t<\/div>\n\t\t<\/div>\n\t\t\t\t<div class=\"elementor-column elementor-col-50 elementor-inner-column elementor-element elementor-element-f04ea03\" data-id=\"f04ea03\" data-element_type=\"column\">\n\t\t\t<div class=\"elementor-widget-wrap elementor-element-populated\">\n\t\t\t\t\t\t<div class=\"elementor-element elementor-element-d0bca8c elementor-align-center elementor-widget elementor-widget-button\" data-id=\"d0bca8c\" data-element_type=\"widget\" data-widget_type=\"button.default\">\n\t\t\t\t<div class=\"elementor-widget-container\">\n\t\t\t\t\t\t\t\t\t<div class=\"elementor-button-wrapper\">\n\t\t\t\t\t<a class=\"elementor-button elementor-button-link elementor-size-md\" href=\"https:\/\/play.google.com\/store\/books\/details?id=uPFIEAAAQBAJ&#038;gl=us\">\n\t\t\t\t\t\t<span class=\"elementor-button-content-wrapper\">\n\t\t\t\t\t\t\t\t\t<span class=\"elementor-button-text\">Comprar<\/span>\n\t\t\t\t\t<\/span>\n\t\t\t\t\t<\/a>\n\t\t\t\t<\/div>\n\t\t\t\t\t\t\t\t<\/div>\n\t\t\t\t<\/div>\n\t\t\t\t\t<\/div>\n\t\t<\/div>\n\t\t\t\t\t<\/div>\n\t\t<\/section>\n\t\t\t\t<section class=\"elementor-section elementor-inner-section elementor-element elementor-element-dd46133 elementor-section-boxed elementor-section-height-default elementor-section-height-default\" data-id=\"dd46133\" data-element_type=\"section\">\n\t\t\t\t\t\t<div class=\"elementor-container elementor-column-gap-default\">\n\t\t\t\t\t<div class=\"elementor-column elementor-col-50 elementor-inner-column elementor-element elementor-element-695415d\" data-id=\"695415d\" data-element_type=\"column\">\n\t\t\t<div class=\"elementor-widget-wrap elementor-element-populated\">\n\t\t\t\t\t\t<div class=\"elementor-element elementor-element-2d0cc73 elementor-widget elementor-widget-image\" data-id=\"2d0cc73\" data-element_type=\"widget\" data-widget_type=\"image.default\">\n\t\t\t\t<div class=\"elementor-widget-container\">\n\t\t\t\t\t\t\t\t\t\t\t\t\t\t\t<img loading=\"lazy\" decoding=\"async\" width=\"300\" height=\"99\" src=\"https:\/\/yanelabarcelo.com.ar\/wp-content\/uploads\/2024\/07\/logo_gandhi-300x99.png\" class=\"attachment-medium size-medium wp-image-1359\" alt=\"\" srcset=\"https:\/\/yanelabarcelo.com.ar\/wp-content\/uploads\/2024\/07\/logo_gandhi-300x99.png 300w, https:\/\/yanelabarcelo.com.ar\/wp-content\/uploads\/2024\/07\/logo_gandhi.png 560w\" sizes=\"(max-width: 300px) 100vw, 300px\" \/>\t\t\t\t\t\t\t\t\t\t\t\t\t\t\t<\/div>\n\t\t\t\t<\/div>\n\t\t\t\t\t<\/div>\n\t\t<\/div>\n\t\t\t\t<div class=\"elementor-column elementor-col-50 elementor-inner-column elementor-element elementor-element-f12e2f6\" data-id=\"f12e2f6\" data-element_type=\"column\">\n\t\t\t<div class=\"elementor-widget-wrap elementor-element-populated\">\n\t\t\t\t\t\t<div class=\"elementor-element elementor-element-98ef1a8 elementor-align-center elementor-widget elementor-widget-button\" data-id=\"98ef1a8\" data-element_type=\"widget\" data-widget_type=\"button.default\">\n\t\t\t\t<div class=\"elementor-widget-container\">\n\t\t\t\t\t\t\t\t\t<div class=\"elementor-button-wrapper\">\n\t\t\t\t\t<a class=\"elementor-button elementor-button-link elementor-size-md\" href=\"https:\/\/www.gandhi.com.mx\/rio-arriba-9789878716671\/p\">\n\t\t\t\t\t\t<span class=\"elementor-button-content-wrapper\">\n\t\t\t\t\t\t\t\t\t<span class=\"elementor-button-text\">Comprar<\/span>\n\t\t\t\t\t<\/span>\n\t\t\t\t\t<\/a>\n\t\t\t\t<\/div>\n\t\t\t\t\t\t\t\t<\/div>\n\t\t\t\t<\/div>\n\t\t\t\t\t<\/div>\n\t\t<\/div>\n\t\t\t\t\t<\/div>\n\t\t<\/section>\n\t\t\t\t<section class=\"elementor-section elementor-inner-section elementor-element elementor-element-9cf15eb elementor-section-boxed elementor-section-height-default elementor-section-height-default\" data-id=\"9cf15eb\" data-element_type=\"section\">\n\t\t\t\t\t\t<div class=\"elementor-container elementor-column-gap-default\">\n\t\t\t\t\t<div class=\"elementor-column elementor-col-50 elementor-inner-column elementor-element elementor-element-0237732\" data-id=\"0237732\" data-element_type=\"column\">\n\t\t\t<div class=\"elementor-widget-wrap elementor-element-populated\">\n\t\t\t\t\t\t<div class=\"elementor-element elementor-element-2f5d8f6 elementor-widget elementor-widget-image\" data-id=\"2f5d8f6\" data-element_type=\"widget\" data-widget_type=\"image.default\">\n\t\t\t\t<div class=\"elementor-widget-container\">\n\t\t\t\t\t\t\t\t\t\t\t\t\t\t\t<img loading=\"lazy\" decoding=\"async\" width=\"300\" height=\"68\" src=\"https:\/\/yanelabarcelo.com.ar\/wp-content\/uploads\/2024\/07\/rakuten-kobo-landscape-01-300x68.png\" class=\"attachment-medium size-medium wp-image-1366\" alt=\"\" srcset=\"https:\/\/yanelabarcelo.com.ar\/wp-content\/uploads\/2024\/07\/rakuten-kobo-landscape-01-300x68.png 300w, https:\/\/yanelabarcelo.com.ar\/wp-content\/uploads\/2024\/07\/rakuten-kobo-landscape-01.png 435w\" sizes=\"(max-width: 300px) 100vw, 300px\" \/>\t\t\t\t\t\t\t\t\t\t\t\t\t\t\t<\/div>\n\t\t\t\t<\/div>\n\t\t\t\t\t<\/div>\n\t\t<\/div>\n\t\t\t\t<div class=\"elementor-column elementor-col-50 elementor-inner-column elementor-element elementor-element-0d87b44\" data-id=\"0d87b44\" data-element_type=\"column\">\n\t\t\t<div class=\"elementor-widget-wrap elementor-element-populated\">\n\t\t\t\t\t\t<div class=\"elementor-element elementor-element-437e7cc elementor-align-center elementor-widget elementor-widget-button\" data-id=\"437e7cc\" data-element_type=\"widget\" data-widget_type=\"button.default\">\n\t\t\t\t<div class=\"elementor-widget-container\">\n\t\t\t\t\t\t\t\t\t<div class=\"elementor-button-wrapper\">\n\t\t\t\t\t<a class=\"elementor-button elementor-button-link elementor-size-md\" href=\"https:\/\/www.kobo.com\/ar\/en\/ebook\/rio-arriba\">\n\t\t\t\t\t\t<span class=\"elementor-button-content-wrapper\">\n\t\t\t\t\t\t\t\t\t<span class=\"elementor-button-text\">Comprar<\/span>\n\t\t\t\t\t<\/span>\n\t\t\t\t\t<\/a>\n\t\t\t\t<\/div>\n\t\t\t\t\t\t\t\t<\/div>\n\t\t\t\t<\/div>\n\t\t\t\t\t<\/div>\n\t\t<\/div>\n\t\t\t\t\t<\/div>\n\t\t<\/section>\n\t\t\t\t<section class=\"elementor-section elementor-inner-section elementor-element elementor-element-0bf5edb elementor-section-boxed elementor-section-height-default elementor-section-height-default\" data-id=\"0bf5edb\" data-element_type=\"section\">\n\t\t\t\t\t\t<div class=\"elementor-container elementor-column-gap-default\">\n\t\t\t\t\t<div class=\"elementor-column elementor-col-50 elementor-inner-column elementor-element elementor-element-31eec4c\" data-id=\"31eec4c\" data-element_type=\"column\">\n\t\t\t<div class=\"elementor-widget-wrap elementor-element-populated\">\n\t\t\t\t\t\t<div class=\"elementor-element elementor-element-275d363 elementor-widget elementor-widget-image\" data-id=\"275d363\" data-element_type=\"widget\" data-widget_type=\"image.default\">\n\t\t\t\t<div class=\"elementor-widget-container\">\n\t\t\t\t\t\t\t\t\t\t\t\t\t\t\t<img loading=\"lazy\" decoding=\"async\" width=\"300\" height=\"45\" src=\"https:\/\/yanelabarcelo.com.ar\/wp-content\/uploads\/2024\/07\/BN_Logo_2x-1-300x45.png\" class=\"attachment-medium size-medium wp-image-1381\" alt=\"\" srcset=\"https:\/\/yanelabarcelo.com.ar\/wp-content\/uploads\/2024\/07\/BN_Logo_2x-1-300x45.png 300w, https:\/\/yanelabarcelo.com.ar\/wp-content\/uploads\/2024\/07\/BN_Logo_2x-1.png 390w\" sizes=\"(max-width: 300px) 100vw, 300px\" \/>\t\t\t\t\t\t\t\t\t\t\t\t\t\t\t<\/div>\n\t\t\t\t<\/div>\n\t\t\t\t\t<\/div>\n\t\t<\/div>\n\t\t\t\t<div class=\"elementor-column elementor-col-50 elementor-inner-column elementor-element elementor-element-e116a1e\" data-id=\"e116a1e\" data-element_type=\"column\">\n\t\t\t<div class=\"elementor-widget-wrap elementor-element-populated\">\n\t\t\t\t\t\t<div class=\"elementor-element elementor-element-b28448e elementor-align-center elementor-widget elementor-widget-button\" data-id=\"b28448e\" data-element_type=\"widget\" data-widget_type=\"button.default\">\n\t\t\t\t<div class=\"elementor-widget-container\">\n\t\t\t\t\t\t\t\t\t<div class=\"elementor-button-wrapper\">\n\t\t\t\t\t<a class=\"elementor-button elementor-button-link elementor-size-md\" href=\"https:\/\/www.barnesandnoble.com\/w\/r-o-arriba-yanela-barcel\/1140380363\">\n\t\t\t\t\t\t<span class=\"elementor-button-content-wrapper\">\n\t\t\t\t\t\t\t\t\t<span class=\"elementor-button-text\">Comprar<\/span>\n\t\t\t\t\t<\/span>\n\t\t\t\t\t<\/a>\n\t\t\t\t<\/div>\n\t\t\t\t\t\t\t\t<\/div>\n\t\t\t\t<\/div>\n\t\t\t\t\t<\/div>\n\t\t<\/div>\n\t\t\t\t\t<\/div>\n\t\t<\/section>\n\t\t\t\t<section class=\"elementor-section elementor-inner-section elementor-element elementor-element-b0a88e1 elementor-section-boxed elementor-section-height-default elementor-section-height-default\" data-id=\"b0a88e1\" data-element_type=\"section\">\n\t\t\t\t\t\t<div class=\"elementor-container elementor-column-gap-default\">\n\t\t\t\t\t<div class=\"elementor-column elementor-col-50 elementor-inner-column elementor-element elementor-element-6229260\" data-id=\"6229260\" data-element_type=\"column\">\n\t\t\t<div class=\"elementor-widget-wrap elementor-element-populated\">\n\t\t\t\t\t\t<div class=\"elementor-element elementor-element-9500ee8 elementor-widget elementor-widget-image\" data-id=\"9500ee8\" data-element_type=\"widget\" data-widget_type=\"image.default\">\n\t\t\t\t<div class=\"elementor-widget-container\">\n\t\t\t\t\t\t\t\t\t\t\t\t\t\t\t<img loading=\"lazy\" decoding=\"async\" width=\"249\" height=\"84\" src=\"https:\/\/yanelabarcelo.com.ar\/wp-content\/uploads\/2024\/07\/rakuten-kobo-landscape-02.png\" class=\"attachment-medium size-medium wp-image-1370\" alt=\"\" \/>\t\t\t\t\t\t\t\t\t\t\t\t\t\t\t<\/div>\n\t\t\t\t<\/div>\n\t\t\t\t\t<\/div>\n\t\t<\/div>\n\t\t\t\t<div class=\"elementor-column elementor-col-50 elementor-inner-column elementor-element elementor-element-2ffe9db\" data-id=\"2ffe9db\" data-element_type=\"column\">\n\t\t\t<div class=\"elementor-widget-wrap elementor-element-populated\">\n\t\t\t\t\t\t<div class=\"elementor-element elementor-element-ae32ee2 elementor-align-center elementor-widget elementor-widget-button\" data-id=\"ae32ee2\" data-element_type=\"widget\" data-widget_type=\"button.default\">\n\t\t\t\t<div class=\"elementor-widget-container\">\n\t\t\t\t\t\t\t\t\t<div class=\"elementor-button-wrapper\">\n\t\t\t\t\t<a class=\"elementor-button elementor-button-link elementor-size-md\" href=\"https:\/\/www.argentinabooks.com.ar\/ebook\/0560860\/rio-arriba\">\n\t\t\t\t\t\t<span class=\"elementor-button-content-wrapper\">\n\t\t\t\t\t\t\t\t\t<span class=\"elementor-button-text\">Comprar<\/span>\n\t\t\t\t\t<\/span>\n\t\t\t\t\t<\/a>\n\t\t\t\t<\/div>\n\t\t\t\t\t\t\t\t<\/div>\n\t\t\t\t<\/div>\n\t\t\t\t\t<\/div>\n\t\t<\/div>\n\t\t\t\t\t<\/div>\n\t\t<\/section>\n\t\t\t\t\t<\/div>\n\t\t<\/div>\n\t\t\t\t\t<\/div>\n\t\t<\/section>\n\t\t\t\t<\/div>\n\t\t","protected":false},"excerpt":{"rendered":"<p>RESUMEN \u00abRIO ARRIBA\u2026 en busca del Pantanal de Mato Grosso del Sur\u00bb es una historia real llevada al texto donde nos muestra el af\u00e1n combinado con la aventura de llegar a un destino predeterminado, saltando vallas de supervivencia y convivencia entre la tripulaci\u00f3n.Nos relata un grupo de 7 amigos dispuestos a lograr un objetivo en [&hellip;]<\/p>\n","protected":false},"author":1,"featured_media":0,"parent":0,"menu_order":0,"comment_status":"closed","ping_status":"closed","template":"","meta":{"om_disable_all_campaigns":false,"_monsterinsights_skip_tracking":false,"_monsterinsights_sitenote_active":false,"_monsterinsights_sitenote_note":"","_monsterinsights_sitenote_category":0,"site-sidebar-layout":"no-sidebar","site-content-layout":"page-builder","ast-site-content-layout":"","site-content-style":"default","site-sidebar-style":"default","ast-global-header-display":"","ast-banner-title-visibility":"","ast-main-header-display":"","ast-hfb-above-header-display":"","ast-hfb-below-header-display":"","ast-hfb-mobile-header-display":"","site-post-title":"disabled","ast-breadcrumbs-content":"","ast-featured-img":"disabled","footer-sml-layout":"","theme-transparent-header-meta":"","adv-header-id-meta":"","stick-header-meta":"","header-above-stick-meta":"","header-main-stick-meta":"","header-below-stick-meta":"","astra-migrate-meta-layouts":"default","ast-page-background-enabled":"default","ast-page-background-meta":{"desktop":{"background-color":"","background-image":"","background-repeat":"repeat","background-position":"center center","background-size":"auto","background-attachment":"scroll","background-type":"","background-media":"","overlay-type":"","overlay-color":"","overlay-opacity":"","overlay-gradient":""},"tablet":{"background-color":"","background-image":"","background-repeat":"repeat","background-position":"center center","background-size":"auto","background-attachment":"scroll","background-type":"","background-media":"","overlay-type":"","overlay-color":"","overlay-opacity":"","overlay-gradient":""},"mobile":{"background-color":"","background-image":"","background-repeat":"repeat","background-position":"center center","background-size":"auto","background-attachment":"scroll","background-type":"","background-media":"","overlay-type":"","overlay-color":"","overlay-opacity":"","overlay-gradient":""}},"ast-content-background-meta":{"desktop":{"background-color":"var(--ast-global-color-5)","background-image":"","background-repeat":"repeat","background-position":"center center","background-size":"auto","background-attachment":"scroll","background-type":"","background-media":"","overlay-type":"","overlay-color":"","overlay-opacity":"","overlay-gradient":""},"tablet":{"background-color":"var(--ast-global-color-5)","background-image":"","background-repeat":"repeat","background-position":"center center","background-size":"auto","background-attachment":"scroll","background-type":"","background-media":"","overlay-type":"","overlay-color":"","overlay-opacity":"","overlay-gradient":""},"mobile":{"background-color":"var(--ast-global-color-5)","background-image":"","background-repeat":"repeat","background-position":"center center","background-size":"auto","background-attachment":"scroll","background-type":"","background-media":"","overlay-type":"","overlay-color":"","overlay-opacity":"","overlay-gradient":""}},"footnotes":""},"class_list":["post-330","page","type-page","status-publish","hentry"],"aioseo_notices":[],"_links":{"self":[{"href":"https:\/\/yanelabarcelo.com.ar\/index.php\/wp-json\/wp\/v2\/pages\/330","targetHints":{"allow":["GET"]}}],"collection":[{"href":"https:\/\/yanelabarcelo.com.ar\/index.php\/wp-json\/wp\/v2\/pages"}],"about":[{"href":"https:\/\/yanelabarcelo.com.ar\/index.php\/wp-json\/wp\/v2\/types\/page"}],"author":[{"embeddable":true,"href":"https:\/\/yanelabarcelo.com.ar\/index.php\/wp-json\/wp\/v2\/users\/1"}],"replies":[{"embeddable":true,"href":"https:\/\/yanelabarcelo.com.ar\/index.php\/wp-json\/wp\/v2\/comments?post=330"}],"version-history":[{"count":40,"href":"https:\/\/yanelabarcelo.com.ar\/index.php\/wp-json\/wp\/v2\/pages\/330\/revisions"}],"predecessor-version":[{"id":1463,"href":"https:\/\/yanelabarcelo.com.ar\/index.php\/wp-json\/wp\/v2\/pages\/330\/revisions\/1463"}],"wp:attachment":[{"href":"https:\/\/yanelabarcelo.com.ar\/index.php\/wp-json\/wp\/v2\/media?parent=330"}],"curies":[{"name":"wp","href":"https:\/\/api.w.org\/{rel}","templated":true}]}}