{"id":212,"date":"2021-06-08T21:14:02","date_gmt":"2021-06-08T21:14:02","guid":{"rendered":"http:\/\/yanelabarcelo.com.ar\/?page_id=212"},"modified":"2021-11-05T15:28:03","modified_gmt":"2021-11-05T15:28:03","slug":"tienda","status":"publish","type":"page","link":"https:\/\/yanelabarcelo.com.ar\/index.php\/tienda\/","title":{"rendered":"Tienda"},"content":{"rendered":"\t\t<div data-elementor-type=\"wp-page\" data-elementor-id=\"212\" class=\"elementor elementor-212\">\n\t\t\t\t\t\t<section class=\"elementor-section elementor-top-section elementor-element elementor-element-8a506e4 elementor-section-boxed elementor-section-height-default elementor-section-height-default\" data-id=\"8a506e4\" data-element_type=\"section\">\n\t\t\t\t\t\t<div class=\"elementor-container elementor-column-gap-default\">\n\t\t\t\t\t<div class=\"elementor-column elementor-col-33 elementor-top-column elementor-element elementor-element-cea45ae\" data-id=\"cea45ae\" data-element_type=\"column\">\n\t\t\t<div class=\"elementor-widget-wrap elementor-element-populated\">\n\t\t\t\t\t\t<div class=\"elementor-element elementor-element-763f682 elementor-widget elementor-widget-heading\" data-id=\"763f682\" data-element_type=\"widget\" data-widget_type=\"heading.default\">\n\t\t\t\t<div class=\"elementor-widget-container\">\n\t\t\t\t\t<h4 class=\"elementor-heading-title elementor-size-default\">35 horas, 10 minutos<\/h4>\t\t\t\t<\/div>\n\t\t\t\t<\/div>\n\t\t\t\t<div class=\"elementor-element elementor-element-699df26 elementor-widget elementor-widget-image\" data-id=\"699df26\" data-element_type=\"widget\" data-widget_type=\"image.default\">\n\t\t\t\t<div class=\"elementor-widget-container\">\n\t\t\t\t\t\t\t\t\t\t\t\t\t\t\t\t<a href=\"https:\/\/yanelabarcelo.com.ar\/index.php\/35hrs-10\/\">\n\t\t\t\t\t\t\t<img fetchpriority=\"high\" decoding=\"async\" width=\"300\" height=\"300\" src=\"https:\/\/yanelabarcelo.com.ar\/wp-content\/uploads\/2021\/05\/Copia-de-Earthy-Instagram-7-300x300.png\" class=\"attachment-medium size-medium wp-image-52\" alt=\"\" srcset=\"https:\/\/yanelabarcelo.com.ar\/wp-content\/uploads\/2021\/05\/Copia-de-Earthy-Instagram-7-300x300.png 300w, https:\/\/yanelabarcelo.com.ar\/wp-content\/uploads\/2021\/05\/Copia-de-Earthy-Instagram-7-100x100.png 100w, https:\/\/yanelabarcelo.com.ar\/wp-content\/uploads\/2021\/05\/Copia-de-Earthy-Instagram-7-600x600.png 600w, https:\/\/yanelabarcelo.com.ar\/wp-content\/uploads\/2021\/05\/Copia-de-Earthy-Instagram-7-1024x1024.png 1024w, https:\/\/yanelabarcelo.com.ar\/wp-content\/uploads\/2021\/05\/Copia-de-Earthy-Instagram-7-150x150.png 150w, https:\/\/yanelabarcelo.com.ar\/wp-content\/uploads\/2021\/05\/Copia-de-Earthy-Instagram-7-768x768.png 768w, https:\/\/yanelabarcelo.com.ar\/wp-content\/uploads\/2021\/05\/Copia-de-Earthy-Instagram-7.png 1200w\" sizes=\"(max-width: 300px) 100vw, 300px\" \/>\t\t\t\t\t\t\t\t<\/a>\n\t\t\t\t\t\t\t\t\t\t\t\t\t\t\t<\/div>\n\t\t\t\t<\/div>\n\t\t\t\t\t<\/div>\n\t\t<\/div>\n\t\t\t\t<div class=\"elementor-column elementor-col-33 elementor-top-column elementor-element elementor-element-191562b\" data-id=\"191562b\" data-element_type=\"column\">\n\t\t\t<div class=\"elementor-widget-wrap elementor-element-populated\">\n\t\t\t\t\t\t<div class=\"elementor-element elementor-element-820567f elementor-widget elementor-widget-heading\" data-id=\"820567f\" data-element_type=\"widget\" data-widget_type=\"heading.default\">\n\t\t\t\t<div class=\"elementor-widget-container\">\n\t\t\t\t\t<h4 class=\"elementor-heading-title elementor-size-default\">Una fr\u00eda decisi\u00f3n de amor<\/h4>\t\t\t\t<\/div>\n\t\t\t\t<\/div>\n\t\t\t\t<div class=\"elementor-element elementor-element-a421fd8 elementor-widget elementor-widget-image\" data-id=\"a421fd8\" data-element_type=\"widget\" data-widget_type=\"image.default\">\n\t\t\t\t<div class=\"elementor-widget-container\">\n\t\t\t\t\t\t\t\t\t\t\t\t\t\t\t\t<a href=\"https:\/\/yanelabarcelo.com.ar\/index.php\/una-fria-decision-de-amor\/\">\n\t\t\t\t\t\t\t<img decoding=\"async\" width=\"300\" height=\"300\" src=\"https:\/\/yanelabarcelo.com.ar\/wp-content\/uploads\/2021\/06\/LIBRO-1-3-300x300.png\" class=\"attachment-medium size-medium wp-image-207\" alt=\"\" srcset=\"https:\/\/yanelabarcelo.com.ar\/wp-content\/uploads\/2021\/06\/LIBRO-1-3-300x300.png 300w, https:\/\/yanelabarcelo.com.ar\/wp-content\/uploads\/2021\/06\/LIBRO-1-3-100x100.png 100w, https:\/\/yanelabarcelo.com.ar\/wp-content\/uploads\/2021\/06\/LIBRO-1-3-600x600.png 600w, https:\/\/yanelabarcelo.com.ar\/wp-content\/uploads\/2021\/06\/LIBRO-1-3-1024x1024.png 1024w, https:\/\/yanelabarcelo.com.ar\/wp-content\/uploads\/2021\/06\/LIBRO-1-3-150x150.png 150w, https:\/\/yanelabarcelo.com.ar\/wp-content\/uploads\/2021\/06\/LIBRO-1-3-768x768.png 768w, https:\/\/yanelabarcelo.com.ar\/wp-content\/uploads\/2021\/06\/LIBRO-1-3.png 1080w\" sizes=\"(max-width: 300px) 100vw, 300px\" \/>\t\t\t\t\t\t\t\t<\/a>\n\t\t\t\t\t\t\t\t\t\t\t\t\t\t\t<\/div>\n\t\t\t\t<\/div>\n\t\t\t\t\t<\/div>\n\t\t<\/div>\n\t\t\t\t<div class=\"elementor-column elementor-col-33 elementor-top-column elementor-element elementor-element-946fd88\" data-id=\"946fd88\" data-element_type=\"column\">\n\t\t\t<div class=\"elementor-widget-wrap elementor-element-populated\">\n\t\t\t\t\t\t<div class=\"elementor-element elementor-element-63eb874 elementor-widget elementor-widget-heading\" data-id=\"63eb874\" data-element_type=\"widget\" data-widget_type=\"heading.default\">\n\t\t\t\t<div class=\"elementor-widget-container\">\n\t\t\t\t\t<h4 class=\"elementor-heading-title elementor-size-default\">R\u00edo arriba<\/h4>\t\t\t\t<\/div>\n\t\t\t\t<\/div>\n\t\t\t\t<div class=\"elementor-element elementor-element-d2702f4 elementor-widget elementor-widget-image\" data-id=\"d2702f4\" data-element_type=\"widget\" data-widget_type=\"image.default\">\n\t\t\t\t<div class=\"elementor-widget-container\">\n\t\t\t\t\t\t\t\t\t\t\t\t\t\t\t\t<a href=\"https:\/\/yanelabarcelo.com.ar\/index.php\/rio-arriba-en-busca-del-pantanal-de-mato-grosso-del-sur\/\">\n\t\t\t\t\t\t\t<img decoding=\"async\" width=\"200\" height=\"300\" src=\"https:\/\/yanelabarcelo.com.ar\/wp-content\/uploads\/2021\/11\/41bXwybR6qL._SY346_-200x300.jpg\" class=\"attachment-medium size-medium wp-image-332\" alt=\"\" srcset=\"https:\/\/yanelabarcelo.com.ar\/wp-content\/uploads\/2021\/11\/41bXwybR6qL._SY346_-200x300.jpg 200w, https:\/\/yanelabarcelo.com.ar\/wp-content\/uploads\/2021\/11\/41bXwybR6qL._SY346_.jpg 231w\" sizes=\"(max-width: 200px) 100vw, 200px\" \/>\t\t\t\t\t\t\t\t<\/a>\n\t\t\t\t\t\t\t\t\t\t\t\t\t\t\t<\/div>\n\t\t\t\t<\/div>\n\t\t\t\t\t<\/div>\n\t\t<\/div>\n\t\t\t\t\t<\/div>\n\t\t<\/section>\n\t\t\t\t<section class=\"elementor-section elementor-top-section elementor-element elementor-element-0227a29 elementor-section-boxed elementor-section-height-default elementor-section-height-default\" data-id=\"0227a29\" data-element_type=\"section\">\n\t\t\t\t\t\t<div class=\"elementor-container elementor-column-gap-default\">\n\t\t\t\t\t<div class=\"elementor-column elementor-col-50 elementor-top-column elementor-element elementor-element-0ebc744\" data-id=\"0ebc744\" data-element_type=\"column\">\n\t\t\t<div class=\"elementor-widget-wrap\">\n\t\t\t\t\t\t\t<\/div>\n\t\t<\/div>\n\t\t\t\t<div class=\"elementor-column elementor-col-50 elementor-top-column elementor-element elementor-element-523c9eb\" data-id=\"523c9eb\" data-element_type=\"column\">\n\t\t\t<div class=\"elementor-widget-wrap\">\n\t\t\t\t\t\t\t<\/div>\n\t\t<\/div>\n\t\t\t\t\t<\/div>\n\t\t<\/section>\n\t\t\t\t<\/div>\n\t\t","protected":false},"excerpt":{"rendered":"<p>35 horas, 10 minutos Una fr\u00eda decisi\u00f3n de amor R\u00edo arriba<\/p>\n","protected":false},"author":1,"featured_media":146,"parent":0,"menu_order":0,"comment_status":"closed","ping_status":"closed","template":"","meta":{"om_disable_all_campaigns":false,"_monsterinsights_skip_tracking":false,"_monsterinsights_sitenote_active":false,"_monsterinsights_sitenote_note":"","_monsterinsights_sitenote_category":0,"site-sidebar-layout":"no-sidebar","site-content-layout":"page-builder","ast-site-content-layout":"","site-content-style":"default","site-sidebar-style":"default","ast-global-header-display":"","ast-banner-title-visibility":"","ast-main-header-display":"","ast-hfb-above-header-display":"","ast-hfb-below-header-display":"","ast-hfb-mobile-header-display":"","site-post-title":"disabled","ast-breadcrumbs-content":"","ast-featured-img":"disabled","footer-sml-layout":"","theme-transparent-header-meta":"default","adv-header-id-meta":"","stick-header-meta":"","header-above-stick-meta":"","header-main-stick-meta":"","header-below-stick-meta":"","astra-migrate-meta-layouts":"default","ast-page-background-enabled":"default","ast-page-background-meta":{"desktop":{"background-color":"","background-image":"","background-repeat":"repeat","background-position":"center center","background-size":"auto","background-attachment":"scroll","background-type":"","background-media":"","overlay-type":"","overlay-color":"","overlay-opacity":"","overlay-gradient":""},"tablet":{"background-color":"","background-image":"","background-repeat":"repeat","background-position":"center center","background-size":"auto","background-attachment":"scroll","background-type":"","background-media":"","overlay-type":"","overlay-color":"","overlay-opacity":"","overlay-gradient":""},"mobile":{"background-color":"","background-image":"","background-repeat":"repeat","background-position":"center center","background-size":"auto","background-attachment":"scroll","background-type":"","background-media":"","overlay-type":"","overlay-color":"","overlay-opacity":"","overlay-gradient":""}},"ast-content-background-meta":{"desktop":{"background-color":"var(--ast-global-color-5)","background-image":"","background-repeat":"repeat","background-position":"center center","background-size":"auto","background-attachment":"scroll","background-type":"","background-media":"","overlay-type":"","overlay-color":"","overlay-opacity":"","overlay-gradient":""},"tablet":{"background-color":"var(--ast-global-color-5)","background-image":"","background-repeat":"repeat","background-position":"center center","background-size":"auto","background-attachment":"scroll","background-type":"","background-media":"","overlay-type":"","overlay-color":"","overlay-opacity":"","overlay-gradient":""},"mobile":{"background-color":"var(--ast-global-color-5)","background-image":"","background-repeat":"repeat","background-position":"center center","background-size":"auto","background-attachment":"scroll","background-type":"","background-media":"","overlay-type":"","overlay-color":"","overlay-opacity":"","overlay-gradient":""}},"footnotes":""},"class_list":["post-212","page","type-page","status-publish","has-post-thumbnail","hentry"],"aioseo_notices":[],"_links":{"self":[{"href":"https:\/\/yanelabarcelo.com.ar\/index.php\/wp-json\/wp\/v2\/pages\/212","targetHints":{"allow":["GET"]}}],"collection":[{"href":"https:\/\/yanelabarcelo.com.ar\/index.php\/wp-json\/wp\/v2\/pages"}],"about":[{"href":"https:\/\/yanelabarcelo.com.ar\/index.php\/wp-json\/wp\/v2\/types\/page"}],"author":[{"embeddable":true,"href":"https:\/\/yanelabarcelo.com.ar\/index.php\/wp-json\/wp\/v2\/users\/1"}],"replies":[{"embeddable":true,"href":"https:\/\/yanelabarcelo.com.ar\/index.php\/wp-json\/wp\/v2\/comments?post=212"}],"version-history":[{"count":18,"href":"https:\/\/yanelabarcelo.com.ar\/index.php\/wp-json\/wp\/v2\/pages\/212\/revisions"}],"predecessor-version":[{"id":661,"href":"https:\/\/yanelabarcelo.com.ar\/index.php\/wp-json\/wp\/v2\/pages\/212\/revisions\/661"}],"wp:featuredmedia":[{"embeddable":true,"href":"https:\/\/yanelabarcelo.com.ar\/index.php\/wp-json\/wp\/v2\/media\/146"}],"wp:attachment":[{"href":"https:\/\/yanelabarcelo.com.ar\/index.php\/wp-json\/wp\/v2\/media?parent=212"}],"curies":[{"name":"wp","href":"https:\/\/api.w.org\/{rel}","templated":true}]}}